{"id":4703,"date":"2025-04-17T17:37:48","date_gmt":"2025-04-17T15:37:48","guid":{"rendered":"https:\/\/lmluxeyachtsibiza.com\/?page_id=4703"},"modified":"2025-05-02T11:39:45","modified_gmt":"2025-05-02T09:39:45","slug":"fete-de-nouvel-an-en-yacht","status":"publish","type":"page","link":"https:\/\/lmluxeyachtsibiza.com\/en\/event-services\/new-years-eve-party-on-yacht\/","title":{"rendered":"New Year's party on a yacht"},"content":{"rendered":"<div data-elementor-type=\"wp-page\" data-elementor-id=\"4703\" class=\"elementor elementor-4703\">\n\t\t\t\t<div class=\"elementor-element elementor-element-c68d0f6 e-con-full e-flex wpr-particle-no wpr-jarallax-no wpr-parallax-no wpr-sticky-section-no e-con e-parent\" data-id=\"c68d0f6\" data-element_type=\"container\" data-e-type=\"container\">\n\t\t\t\t<div class=\"elementor-element elementor-element-f2dfff2 elementor-widget elementor-widget-heading\" data-id=\"f2dfff2\" data-element_type=\"widget\" data-e-type=\"widget\" data-widget_type=\"heading.default\">\n\t\t\t\t<div class=\"elementor-widget-container\">\n\t\t\t\t\t<h1 class=\"elementor-heading-title elementor-size-default\"><h3 style=\"margin-bottom: 0px\"><font face=\"LM_Ibiza, sans-serif\"><span style=\"font-size: 66px\">New Year's Eve<\/span><\/font><span style=\"font-family: LM_Ibiza, sans-serif;font-size: 4.125rem;font-style: inherit;font-weight: inherit\"><\/span><\/h3><\/h1>\t\t\t\t<\/div>\n\t\t\t\t<\/div>\n\t\t\t\t<\/div>\n\t\t<div class=\"elementor-element elementor-element-c342d1b e-con-full e-flex wpr-particle-no wpr-jarallax-no wpr-parallax-no wpr-sticky-section-no e-con e-parent\" data-id=\"c342d1b\" data-element_type=\"container\" data-e-type=\"container\">\n\t\t\t\t<div class=\"elementor-element elementor-element-3c348de elementor-widget elementor-widget-image\" data-id=\"3c348de\" data-element_type=\"widget\" data-e-type=\"widget\" data-widget_type=\"image.default\">\n\t\t\t\t<div class=\"elementor-widget-container\">\n\t\t\t\t\t\t\t\t\t\t\t\t\t\t\t<img fetchpriority=\"high\" decoding=\"async\" width=\"2560\" height=\"1707\" src=\"https:\/\/lmluxeyachtsibiza.com\/wp-content\/uploads\/2025\/04\/spencer-davis-DGPGxPaauL4-unsplash-scaled.webp\" class=\"attachment-full size-full wp-image-5156\" alt=\"\">\t\t\t\t\t\t\t\t\t\t\t\t\t\t\t<\/div>\n\t\t\t\t<\/div>\n\t\t\t\t<\/div>\n\t\t<div class=\"elementor-element elementor-element-192e13d e-con-full e-flex wpr-particle-no wpr-jarallax-no wpr-parallax-no wpr-sticky-section-no e-con e-parent\" data-id=\"192e13d\" data-element_type=\"container\" data-e-type=\"container\">\n\t\t<div class=\"elementor-element elementor-element-ab52a94 e-con-full e-flex wpr-particle-no wpr-jarallax-no wpr-parallax-no e-con e-child\" data-id=\"ab52a94\" data-element_type=\"container\" data-e-type=\"container\">\n\t\t\t\t<\/div>\n\t\t<div class=\"elementor-element elementor-element-09f24ab e-con-full e-flex wpr-particle-no wpr-jarallax-no wpr-parallax-no wpr-sticky-section-no e-con e-child\" data-id=\"09f24ab\" data-element_type=\"container\" data-e-type=\"container\">\n\t\t\t\t<div class=\"elementor-element elementor-element-4022e2a elementor-widget elementor-widget-text-editor\" data-id=\"4022e2a\" data-element_type=\"widget\" data-e-type=\"widget\" data-widget_type=\"text-editor.default\">\n\t\t\t\t<div class=\"elementor-widget-container\">\n\t\t\t\t\t\t\t\t\t<p>HOME &gt; events &amp; services &gt; New Year's Eve party on yacht<\/p>\t\t\t\t\t\t\t\t<\/div>\n\t\t\t\t<\/div>\n\t\t\t\t<div class=\"elementor-element elementor-element-527e4bc elementor-widget elementor-widget-heading\" data-id=\"527e4bc\" data-element_type=\"widget\" data-e-type=\"widget\" data-widget_type=\"heading.default\">\n\t\t\t\t<div class=\"elementor-widget-container\">\n\t\t\t\t\t<h1 class=\"elementor-heading-title elementor-size-default\">Welcome the New Year in style aboard LM Luxe Yacht Ibiza<\/h1>\t\t\t\t<\/div>\n\t\t\t\t<\/div>\n\t\t\t\t<div class=\"elementor-element elementor-element-e70718f elementor-widget elementor-widget-text-editor\" data-id=\"e70718f\" data-element_type=\"widget\" data-e-type=\"widget\" data-widget_type=\"text-editor.default\">\n\t\t\t\t<div class=\"elementor-widget-container\">\n\t\t\t\t\t\t\t\t\t<p>Why not start the New Year in an unforgettable way? With <strong data-start=\"285\" data-end=\"308\">LM Luxe Yacht Ibiza<\/strong>Enjoy a unique New Year's Eve aboard a luxury yacht, gliding on the sparkling waters of the Mediterranean, surrounded by your loved ones in an idyllic setting. Make this a magical and exclusive night, where every detail has been thought of for a memorable party experience.<\/p>\t\t\t\t\t\t\t\t<\/div>\n\t\t\t\t<\/div>\n\t\t\t\t<div class=\"elementor-element elementor-element-2de4dbe elementor-widget elementor-widget-heading\" data-id=\"2de4dbe\" data-element_type=\"widget\" data-e-type=\"widget\" data-widget_type=\"heading.default\">\n\t\t\t\t<div class=\"elementor-widget-container\">\n\t\t\t\t\t<h2 class=\"elementor-heading-title elementor-size-default\">Spectacular Celebration in a Stunning Setting<\/h2>\t\t\t\t<\/div>\n\t\t\t\t<\/div>\n\t\t\t\t<div class=\"elementor-element elementor-element-4811d98 elementor-widget elementor-widget-text-editor\" data-id=\"4811d98\" data-element_type=\"widget\" data-e-type=\"widget\" data-widget_type=\"text-editor.default\">\n\t\t\t\t<div class=\"elementor-widget-container\">\n\t\t\t\t\t\t\t\t\t<p class=\"\" data-start=\"662\" data-end=\"1107\">Imagine ringing in the New Year under a starry sky, sailing the waters of Ibiza, surrounded by breathtaking scenery. Aboard our luxury yachts, you'll experience an elegant and festive evening, with breathtaking views of the sea and Ibiza's coastline. Enjoy the refined ambience while savoring a gourmet dinner, prepared by a private chef, and dancing to the rhythm of the music chosen for the occasion.<\/p><p class=\"\" data-start=\"1109\" data-end=\"1421\">Our fully equipped yachts are the perfect place to welcome your guests in absolute comfort and a festive atmosphere. Whether you're planning an intimate evening or a larger event, we'll make sure everything is organized to perfection, so that your night is one to remember.<\/p>\t\t\t\t\t\t\t\t<\/div>\n\t\t\t\t<\/div>\n\t\t\t\t<div class=\"elementor-element elementor-element-0482a3f elementor-widget elementor-widget-image\" data-id=\"0482a3f\" data-element_type=\"widget\" data-e-type=\"widget\" data-widget_type=\"image.default\">\n\t\t\t\t<div class=\"elementor-widget-container\">\n\t\t\t\t\t\t\t\t\t\t\t\t\t\t\t<img decoding=\"async\" width=\"2560\" height=\"1707\" src=\"https:\/\/lmluxeyachtsibiza.com\/wp-content\/uploads\/2025\/04\/niccolo-ornati-Hn3kP_4Ga_A-unsplash-scaled.webp\" class=\"attachment-full size-full wp-image-5157\" alt=\"\">\t\t\t\t\t\t\t\t\t\t\t\t\t\t\t<\/div>\n\t\t\t\t<\/div>\n\t\t\t\t<div class=\"elementor-element elementor-element-f4cf507 elementor-widget elementor-widget-heading\" data-id=\"f4cf507\" data-element_type=\"widget\" data-e-type=\"widget\" data-widget_type=\"heading.default\">\n\t\t\t\t<div class=\"elementor-widget-container\">\n\t\t\t\t\t<h2 class=\"elementor-heading-title elementor-size-default\">Festive atmosphere and exclusive activities<\/h2>\t\t\t\t<\/div>\n\t\t\t\t<\/div>\n\t\t\t\t<div class=\"elementor-element elementor-element-127c6f6 elementor-widget elementor-widget-text-editor\" data-id=\"127c6f6\" data-element_type=\"widget\" data-e-type=\"widget\" data-widget_type=\"text-editor.default\">\n\t\t\t\t<div class=\"elementor-widget-container\">\n\t\t\t\t\t\t\t\t\t<p class=\"\" data-start=\"2307\" data-end=\"2578\">Our team of DJs and entertainers create a festive and joyful atmosphere, with a tailor-made playlist to accompany you throughout the evening. Dance into the wee hours of the morning, take advantage of the on-board entertainment facilities, and make every moment a unique memory.<\/p><p class=\"\" data-start=\"2580\" data-end=\"2800\">If you'd like an extra activity, we offer exclusive options such as water sports or sea rides, allowing your guests to enjoy the water while staying in the party spirit.<\/p>\t\t\t\t\t\t\t\t<\/div>\n\t\t\t\t<\/div>\n\t\t\t\t<div class=\"elementor-element elementor-element-a99e1c6 elementor-widget elementor-widget-heading\" data-id=\"a99e1c6\" data-element_type=\"widget\" data-e-type=\"widget\" data-widget_type=\"heading.default\">\n\t\t\t\t<div class=\"elementor-widget-container\">\n\t\t\t\t\t<h3 class=\"elementor-heading-title elementor-size-default\">Book Your New Year's Eve Party Now<\/h3>\t\t\t\t<\/div>\n\t\t\t\t<\/div>\n\t\t\t\t<div class=\"elementor-element elementor-element-007ff9a elementor-widget elementor-widget-text-editor\" data-id=\"007ff9a\" data-element_type=\"widget\" data-e-type=\"widget\" data-widget_type=\"text-editor.default\">\n\t\t\t\t<div class=\"elementor-widget-container\">\n\t\t\t\t\t\t\t\t\t<p class=\"\" data-start=\"3279\" data-end=\"3569\">Treat yourself to a New Year's Eve party that exceeds all your expectations. Contact us today to reserve your yacht and start planning the most memorable party of your life, aboard <strong data-start=\"3480\" data-end=\"3503\">LM Luxe Yacht Ibiza<\/strong>. Let's celebrate a new beginning together in incomparable style.<\/p>\t\t\t\t\t\t\t\t<\/div>\n\t\t\t\t<\/div>\n\t\t\t\t<div class=\"elementor-element elementor-element-27157bd elementor-widget elementor-widget-image\" data-id=\"27157bd\" data-element_type=\"widget\" data-e-type=\"widget\" data-widget_type=\"image.default\">\n\t\t\t\t<div class=\"elementor-widget-container\">\n\t\t\t\t\t\t\t\t\t\t\t\t\t\t\t<img decoding=\"async\" width=\"2560\" height=\"1707\" src=\"https:\/\/lmluxeyachtsibiza.com\/wp-content\/uploads\/2025\/04\/raimond-klavins-z5vFXuQNDjk-unsplash-scaled.webp\" class=\"attachment-full size-full wp-image-5158\" alt=\"\">\t\t\t\t\t\t\t\t\t\t\t\t\t\t\t<\/div>\n\t\t\t\t<\/div>\n\t\t<div class=\"elementor-element elementor-element-28047a9 e-con-full e-flex wpr-particle-no wpr-jarallax-no wpr-parallax-no wpr-sticky-section-no e-con e-child\" data-id=\"28047a9\" data-element_type=\"container\" data-e-type=\"container\" data-settings=\"{&quot;background_background&quot;:&quot;classic&quot;}\">\n\t\t<div class=\"elementor-element elementor-element-44d8a6d e-con-full e-flex wpr-particle-no wpr-jarallax-no wpr-parallax-no wpr-sticky-section-no e-con e-child\" data-id=\"44d8a6d\" data-element_type=\"container\" data-e-type=\"container\">\n\t\t\t\t<div class=\"elementor-element elementor-element-3f0908a elementor-widget elementor-widget-text-editor\" data-id=\"3f0908a\" data-element_type=\"widget\" data-e-type=\"widget\" data-widget_type=\"text-editor.default\">\n\t\t\t\t<div class=\"elementor-widget-container\">\n\t\t\t\t\t\t\t\t\t<p>Share :<\/p>\t\t\t\t\t\t\t\t<\/div>\n\t\t\t\t<\/div>\n\t\t\t\t<\/div>\n\t\t<div class=\"elementor-element elementor-element-9c9473c e-con-full e-flex wpr-particle-no wpr-jarallax-no wpr-parallax-no wpr-sticky-section-no e-con e-child\" data-id=\"9c9473c\" data-element_type=\"container\" data-e-type=\"container\">\n\t\t\t\t<div class=\"elementor-element elementor-element-ad6d461 elementor-grid-0 elementor-widget elementor-widget-wpr-sharing-buttons\" data-id=\"ad6d461\" data-element_type=\"widget\" data-e-type=\"widget\" data-widget_type=\"wpr-sharing-buttons.default\">\n\t\t\t\t<div class=\"elementor-widget-container\">\n\t\t\t\t\t<div class=\"wpr-sharing-buttons elementor-grid wpr-sharing-official wpr-sharing-label-off wpr-sharing-icon-tr wpr-sharing-label-tr\"><div class=\"elementor-grid-item\"><a href=\"https:\/\/www.facebook.com\/sharer.php?u=https:\/\/lmluxeyachtsibiza.com\/en\/event-services\/new-years-eve-party-on-yacht\/\" class=\"wpr-sharing-icon wpr-sharing-facebook-f\" title=\"\" target=\"_blank\"><i class=\"fab fa-facebook-f\"><\/i><\/a><\/div><div class=\"elementor-grid-item\"><a href=\"https:\/\/www.linkedin.com\/shareArticle?mini=true&url=https:\/\/lmluxeyachtsibiza.com\/en\/event-services\/new-years-eve-party-on-yacht\/&title=F\u00eate de Nouvel An en yacht&summary=R\u00e9veillon du nouvel an HOME &gt; \u00e9v\u00e9nements &amp; services &gt; F\u00eate de Nouvel An en yacht Accueillez la Nouvelle Ann\u00e9e avec \u00c9l\u00e9gance \u00e0 Bord de LM Luxe Yacht Ibiza Pourquoi ne pas commencer la nouvelle ann\u00e9e de mani\u00e8re inoubliable ? Avec LM Luxe Yacht Ibiza, vivez une soir\u00e9e du Nouvel An unique, \u00e0 bord d\u2019un yacht de luxe, glissant sur les eaux scintillantes de la M\u00e9diterran\u00e9e, entour\u00e9 de vos proches dans un cadre idyllique. Faites de cette nuit un moment magique et exclusif, o\u00f9 chaque d\u00e9tail est pens\u00e9 pour une exp\u00e9rience de f\u00eate m\u00e9morable. C\u00e9l\u00e9bration Spectaculaire dans un Cadre \u00c9poustouflant Imaginez f\u00eater le passage \u00e0 la nouvelle ann\u00e9e sous un ciel \u00e9toil\u00e9, en naviguant dans les eaux d&rsquo;Ibiza, entour\u00e9 par des paysages \u00e0 couper le souffle. \u00c0 bord de nos yachts de luxe, vous vivrez une soir\u00e9e \u00e9l\u00e9gante et festive, avec des vues imprenables sur la mer et les c\u00f4tes d&rsquo;Ibiza. Profitez de l\u2019ambiance raffin\u00e9e tout en savourant un d\u00eener gastronomique, pr\u00e9par\u00e9 par un chef priv\u00e9, et en dansant au rythme de la musique choisie pour l\u2019occasion. Nos yachts, enti\u00e8rement \u00e9quip\u00e9s, sont l&rsquo;endroit parfait pour accueillir vos invit\u00e9s dans un confort absolu et une atmosph\u00e8re festive. Que vous souhaitiez une soir\u00e9e intime ou un \u00e9v\u00e9nement plus grand, nous nous assurons que tout soit organis\u00e9 \u00e0 la perfection, afin de faire de cette nuit un souvenir imp\u00e9rissable. Ambiance Festive et Activit\u00e9s Exclusives Notre \u00e9quipe de DJ et d\u2019animateurs cr\u00e9e une ambiance festive et joyeuse, avec une playlist sur mesure qui vous accompagne tout au long de la soir\u00e9e. Dansez jusqu&rsquo;au petit matin, profitez des installations de loisirs \u00e0 bord, et faites de chaque instant un souvenir unique. Si vous souhaitez une activit\u00e9 suppl\u00e9mentaire, nous offrons des options exclusives comme des sports nautiques ou des balades en mer, permettant \u00e0 vos invit\u00e9s de profiter de l\u2019eau tout en restant dans l\u2019esprit de la f\u00eate. R\u00e9servez Votre F\u00eate du Nouvel An d\u00e8s Maintenant Offrez-vous une soir\u00e9e de Nouvel An qui d\u00e9passe toutes vos attentes. Contactez-nous d\u00e8s aujourd\u2019hui pour r\u00e9server votre yacht et commencer \u00e0 planifier la f\u00eate la plus m\u00e9morable de votre vie, \u00e0 bord de LM Luxe Yacht Ibiza. C\u00e9l\u00e9brons ensemble un nouveau d\u00e9part dans un style incomparable. Partager :&source=https:\/\/lmluxeyachtsibiza.com\/en\/event-services\/new-years-eve-party-on-yacht\/\" class=\"wpr-sharing-icon wpr-sharing-linkedin-in\" title=\"\" target=\"_blank\"><i class=\"fab fa-linkedin-in\"><\/i><\/a><\/div><div class=\"elementor-grid-item\"><a href=\"https:\/\/api.whatsapp.com\/send?text=*F\u00eate de Nouvel An en yacht*%0ahttps:\/\/lmluxeyachtsibiza.com\/en\/event-services\/new-years-eve-party-on-yacht\/\" class=\"wpr-sharing-icon wpr-sharing-whatsapp\" title=\"\" target=\"_blank\"><i class=\"fab fa-whatsapp\"><\/i><\/a><\/div><\/div>\t\t\t\t<\/div>\n\t\t\t\t<\/div>\n\t\t\t\t<\/div>\n\t\t\t\t<\/div>\n\t\t\t\t<\/div>\n\t\t<div class=\"elementor-element elementor-element-8e6d3b6 e-con-full e-flex wpr-particle-no wpr-jarallax-no wpr-parallax-no wpr-sticky-section-no e-con e-child\" data-id=\"8e6d3b6\" data-element_type=\"container\" data-e-type=\"container\">\n\t\t\t\t<\/div>\n\t\t\t\t<\/div>\n\t\t\t\t<\/div>","protected":false},"excerpt":{"rendered":"<p>R\u00e9veillon du nouvel an HOME &gt; \u00e9v\u00e9nements &amp; services &gt; F\u00eate de Nouvel An en yacht Accueillez la Nouvelle Ann\u00e9e avec \u00c9l\u00e9gance \u00e0 Bord de LM Luxe Yacht Ibiza Pourquoi ne pas commencer la nouvelle ann\u00e9e de mani\u00e8re inoubliable ? Avec LM Luxe Yacht Ibiza, vivez une soir\u00e9e du Nouvel An unique, \u00e0 bord d\u2019un yacht de luxe, glissant sur les eaux scintillantes de la M\u00e9diterran\u00e9e, entour\u00e9 de vos proches dans un cadre idyllique. Faites de cette nuit un moment magique et exclusif, o\u00f9 chaque d\u00e9tail est pens\u00e9 pour une exp\u00e9rience de f\u00eate m\u00e9morable. C\u00e9l\u00e9bration Spectaculaire dans un Cadre \u00c9poustouflant Imaginez f\u00eater le passage \u00e0 la nouvelle ann\u00e9e sous un ciel \u00e9toil\u00e9, en naviguant dans les eaux d&rsquo;Ibiza, entour\u00e9 par des paysages \u00e0 couper le souffle. \u00c0 bord de nos yachts de luxe, vous vivrez une soir\u00e9e \u00e9l\u00e9gante et festive, avec des vues imprenables sur la mer et les c\u00f4tes d&rsquo;Ibiza. Profitez de l\u2019ambiance raffin\u00e9e tout en savourant un d\u00eener gastronomique, pr\u00e9par\u00e9 par un chef priv\u00e9, et en dansant au rythme de la musique choisie pour l\u2019occasion. Nos yachts, enti\u00e8rement \u00e9quip\u00e9s, sont l&rsquo;endroit parfait pour accueillir vos invit\u00e9s dans un confort absolu et une atmosph\u00e8re festive. Que vous souhaitiez une soir\u00e9e intime ou un \u00e9v\u00e9nement plus grand, nous nous assurons que tout soit organis\u00e9 \u00e0 la perfection, afin de faire de cette nuit un souvenir imp\u00e9rissable. Ambiance Festive et Activit\u00e9s Exclusives Notre \u00e9quipe de DJ et d\u2019animateurs cr\u00e9e une ambiance festive et joyeuse, avec une playlist sur mesure qui vous accompagne tout au long de la soir\u00e9e. Dansez jusqu&rsquo;au petit matin, profitez des installations de loisirs \u00e0 bord, et faites de chaque instant un souvenir unique. Si vous souhaitez une activit\u00e9 suppl\u00e9mentaire, nous offrons des options exclusives comme des sports nautiques ou des balades en mer, permettant \u00e0 vos invit\u00e9s de profiter de l\u2019eau tout en restant dans l\u2019esprit de la f\u00eate. R\u00e9servez Votre F\u00eate du Nouvel An d\u00e8s Maintenant Offrez-vous une soir\u00e9e de Nouvel An qui d\u00e9passe toutes vos attentes. Contactez-nous d\u00e8s aujourd\u2019hui pour r\u00e9server votre yacht et commencer \u00e0 planifier la f\u00eate la plus m\u00e9morable de votre vie, \u00e0 bord de LM Luxe Yacht Ibiza. C\u00e9l\u00e9brons ensemble un nouveau d\u00e9part dans un style incomparable. Partager :<\/p>","protected":false},"author":1,"featured_media":0,"parent":4629,"menu_order":0,"comment_status":"closed","ping_status":"closed","template":"","meta":{"_acf_changed":false,"site-sidebar-layout":"no-sidebar","site-content-layout":"page-builder","ast-site-content-layout":"full-width-container","site-content-style":"unboxed","site-sidebar-style":"unboxed","ast-global-header-display":"","ast-banner-title-visibility":"","ast-main-header-display":"","ast-hfb-above-header-display":"","ast-hfb-below-header-display":"","ast-hfb-mobile-header-display":"","site-post-title":"disabled","ast-breadcrumbs-content":"","ast-featured-img":"disabled","footer-sml-layout":"","ast-disable-related-posts":"","theme-transparent-header-meta":"default","adv-header-id-meta":"","stick-header-meta":"","header-above-stick-meta":"","header-main-stick-meta":"","header-below-stick-meta":"","astra-migrate-meta-layouts":"set","ast-page-background-enabled":"default","ast-page-background-meta":{"desktop":{"background-color":"","background-image":"","background-repeat":"repeat","background-position":"center center","background-size":"auto","background-attachment":"scroll","background-type":"","background-media":"","overlay-type":"","overlay-color":"","overlay-opacity":"","overlay-gradient":""},"tablet":{"background-color":"","background-image":"","background-repeat":"repeat","background-position":"center center","background-size":"auto","background-attachment":"scroll","background-type":"","background-media":"","overlay-type":"","overlay-color":"","overlay-opacity":"","overlay-gradient":""},"mobile":{"background-color":"","background-image":"","background-repeat":"repeat","background-position":"center center","background-size":"auto","background-attachment":"scroll","background-type":"","background-media":"","overlay-type":"","overlay-color":"","overlay-opacity":"","overlay-gradient":""}},"ast-content-background-meta":{"desktop":{"background-color":"var(--ast-global-color-5)","background-image":"","background-repeat":"repeat","background-position":"center center","background-size":"auto","background-attachment":"scroll","background-type":"","background-media":"","overlay-type":"","overlay-color":"","overlay-opacity":"","overlay-gradient":""},"tablet":{"background-color":"var(--ast-global-color-5)","background-image":"","background-repeat":"repeat","background-position":"center center","background-size":"auto","background-attachment":"scroll","background-type":"","background-media":"","overlay-type":"","overlay-color":"","overlay-opacity":"","overlay-gradient":""},"mobile":{"background-color":"var(--ast-global-color-5)","background-image":"","background-repeat":"repeat","background-position":"center center","background-size":"auto","background-attachment":"scroll","background-type":"","background-media":"","overlay-type":"","overlay-color":"","overlay-opacity":"","overlay-gradient":""}},"two_page_speed":[],"footnotes":""},"class_list":["post-4703","page","type-page","status-publish","hentry"],"acf":[],"_links":{"self":[{"href":"https:\/\/lmluxeyachtsibiza.com\/en\/wp-json\/wp\/v2\/pages\/4703","targetHints":{"allow":["GET"]}}],"collection":[{"href":"https:\/\/lmluxeyachtsibiza.com\/en\/wp-json\/wp\/v2\/pages"}],"about":[{"href":"https:\/\/lmluxeyachtsibiza.com\/en\/wp-json\/wp\/v2\/types\/page"}],"author":[{"embeddable":true,"href":"https:\/\/lmluxeyachtsibiza.com\/en\/wp-json\/wp\/v2\/users\/1"}],"replies":[{"embeddable":true,"href":"https:\/\/lmluxeyachtsibiza.com\/en\/wp-json\/wp\/v2\/comments?post=4703"}],"version-history":[{"count":0,"href":"https:\/\/lmluxeyachtsibiza.com\/en\/wp-json\/wp\/v2\/pages\/4703\/revisions"}],"up":[{"embeddable":true,"href":"https:\/\/lmluxeyachtsibiza.com\/en\/wp-json\/wp\/v2\/pages\/4629"}],"wp:attachment":[{"href":"https:\/\/lmluxeyachtsibiza.com\/en\/wp-json\/wp\/v2\/media?parent=4703"}],"curies":[{"name":"wp","href":"https:\/\/api.w.org\/{rel}","templated":true}]}}